{"id":7711,"date":"2023-01-12T16:17:58","date_gmt":"2023-01-12T15:17:58","guid":{"rendered":"https:\/\/www.cvjecarnica-ruzica.com\/general-terms-of-use\/"},"modified":"2023-01-26T15:21:15","modified_gmt":"2023-01-26T14:21:15","slug":"general-terms-of-use","status":"publish","type":"page","link":"https:\/\/www.cvjecarnica-ruzica.com\/en\/general-terms-of-use\/","title":{"rendered":"General terms of use"},"content":{"rendered":"\t\t<div data-elementor-type=\"wp-page\" data-elementor-id=\"7711\" class=\"elementor elementor-7711 elementor-10\">\n\t\t\t\t\t\t<section class=\"elementor-section elementor-top-section elementor-element elementor-element-35c5b972 elementor-section-boxed elementor-section-height-default elementor-section-height-default\" data-id=\"35c5b972\" data-element_type=\"section\" data-e-type=\"section\">\n\t\t\t\t\t\t<div class=\"elementor-container elementor-column-gap-default\">\n\t\t\t\t\t<div class=\"elementor-column elementor-col-100 elementor-top-column elementor-element elementor-element-1411d7bb\" data-id=\"1411d7bb\" data-element_type=\"column\" data-e-type=\"column\">\n\t\t\t<div class=\"elementor-widget-wrap elementor-element-populated\">\n\t\t\t\t\t\t<div class=\"elementor-element elementor-element-46639f4 elementor-widget elementor-widget-heading\" data-id=\"46639f4\" data-element_type=\"widget\" data-e-type=\"widget\" data-widget_type=\"heading.default\">\n\t\t\t\t<div class=\"elementor-widget-container\">\n\t\t\t\t\t<h2 class=\"elementor-heading-title elementor-size-default\">General terms of use<\/h2>\t\t\t\t<\/div>\n\t\t\t\t<\/div>\n\t\t\t\t<div class=\"elementor-element elementor-element-37833ca elementor-widget elementor-widget-text-editor\" data-id=\"37833ca\" data-element_type=\"widget\" data-e-type=\"widget\" data-widget_type=\"text-editor.default\">\n\t\t\t\t<div class=\"elementor-widget-container\">\n\t\t\t\t\t\t\t\t\t<p><\/p>\n<p>Ovi uvjeti poslovanja propisuju uvjete i pravila za korisnike i odnose se na kori\u0161tenje internetske stranice cvjecarnica-ruzica.com koja je u vlasni\u0161tvu Obrta za usluge i proizvodnju Ru\u017eica (u daljnjem tekstu Cvje\u0107arnica Ru\u017eica), sa sjedi\u0161tem u Splitu, Fra Bonina 8. Kori\u0161tenjem ove internetske stranica i izvr\u0161enjem narud\u017ebe u online trgovini na cvjecarnica-ruzica.com korisnik potvr\u0111uje da je upoznat i suglasan s Op\u0107im uvjetima poslovanja. Na uvjete poslovanja primjenjuje se Zakon o za\u0161titi potro\u0161a\u010da (N.N.41\/14, 110\/15).<\/p>\n<p><\/p>\n<p><\/p>\n<p>Sadr\u017eaj internetske stranice na domeni cvjecarnica-ruzica.com vlasni\u0161tvo je Cvje\u0107arnice Ru\u017eica te se, ukoliko to nije druga\u010dije navedeno, ne smije kopirati, objavljivati, distribuirati i sl. bez izri\u010ditog pristanka vlasnika stranica.  Sadr\u017eaji objavljeni na internetskoj stranici imaju informativni karakter, Cvje\u0107arnica Ru\u017eica nastoji objaviti to\u010dne informacije ali ne daje nikakva jamstva u pogledu njihove preciznosti i potpunosti.<\/p>\n<p><\/p>\n<p><\/p>\n<p>Kori\u0161tenjem sadr\u017eaja ove internetske stranice korisnik prihva\u0107a sve rizike koji nastaju iz njena kori\u0161tenja te prihva\u0107a koristiti njen sadr\u017eaj isklju\u010divo za osobnu uporabu i na vlastitu odgovornost. Cvje\u0107arnica Ru\u017eica isklju\u010duje svaku odgovornost za izravnu i neizravnu \u0161tetu koja proizlazi ili bi mogla proiza\u0107i iz pristupa i kori\u0161tenja sadr\u017eaja stranica, bilo kakvih pogre\u0161aka u njihovom sadr\u017eaju ili nedostupnosti zbog tehni\u010dkih razloga.<\/p>\n<p><\/p>\n<p><\/p>\n<p>Ova internetska stranica mo\u017ee sadr\u017eavati i informacije tre\u0107ih osoba te poveznice na internetske stranice tre\u0107ih strana. Cvje\u0107arnica Ru\u017eica ne daje nikakva jamstva u pogledu to\u010dnosti ili bilo kojih drugih karakteristika takvih informacija i poveznica, te ne preuzima nikakvu odgovornost za sadr\u017eaje stranica na koje poveznica usmjerava korisnika. Internetske stranice tre\u0107ih strana imaju svoje neovisne uvjete poslovanja te je obveza korisnika upoznati se s njima prilikom posjete tim stranicama.<\/p>\n<p><\/p>\n<p><\/p>\n<p>Cvje\u0107arnica Ru\u017eica u internetskoj trgovini objavljuje materijale, fotografije i tekst u dobroj namjeri, kako bi kupcu olak\u0161ala odabir prilikom kupovine. Svi opisi i karakteristike cvije\u0107a koje se prodaje na ovoj internetskoj stranici su provjereni i odgovaraju stvarnosti no mogu\u0107e je da radi tehni\u010dkih karakteristika osobnih ra\u010dunala kupaca do\u0111e do manjih odstupanja u npr. intenzitetu boje i sl.  za \u0161to vlasnica trgovine ne snosi nikakvu odgovornost, kao \u0161to ne snosi i nikakvu odgovornost za mogu\u0107e nenamjerne gre\u0161ke u fotografijama i opisu cvjetnih buketa i aran\u017emana.<\/p>\n<p><\/p>\n<p><\/p>\n<p>Korisnik stranice na domeni cvjecarnica-ruzica.com potvr\u0111uje da je upoznat s \u010dinjenicom da ponekad dolazi do prekida usluga jer pristup internetskim stranicama mo\u017ee biti u prekidu, privremeno nedostupan ili isklju\u010den, te da su to doga\u0111aji izvan kontrole Cvje\u0107arnice Ru\u017eica te stoga ona nije odgovorna za bilo kakav gubitak podataka do kojeg mo\u017ee do\u0107i za vrijeme prijenosa informacija na Internetu.<\/p>\n<p><\/p>\n<p><\/p>\n<p>Kori\u0161tenje internetske stranice cvjecarnica-ruzica.com isklju\u010divo je na odgovornost korisnika. Cvje\u0107arnica Ru\u017eica osloba\u0111a se od svake odgovornosti za \u0161tetu koja je mogla nastati prilikom posjete stranici uslijed protupravnih radnji tre\u0107ih osoba, ra\u010dunalnih virusa, prekidom u komunikacijskoj liniji, neovla\u0161tenim pristupom, neprikladnim pona\u0161anjem, nemarom i sli\u010dno te drugih slu\u010dajeva za koje nije odgovoran vlasnik stranice.<\/p>\n<p><\/p>\n<p><\/p>\n<p>Cvje\u0107arnica Ru\u017eica zadr\u017eava pravo da u bilo kojem trenutku i bez prethodne najave ukine ili izmijeni sadr\u017eaj Op\u0107ih uvjeta poslovanja, ponudu i cijene cvjetnih aran\u017emana (proizvoda) ili sadr\u017eaj internetske stranice cvjecarnica-ruzica.com. Korisnici su du\u017eni prije svakog kori\u0161tenja internetske stranice cvjecarnica-ruzica.com pregledati sadr\u017eaj Op\u0107ih uvjeta poslovanja. Suprotno postupanje osloba\u0111a Cvje\u0107arnicu Ru\u017eica bilo kakve odgovornosti. Ovi Op\u0107i uvjeti poslovanja i bilo kakve njihove izmjene stupaju na snagu objavom na cvjecarnica-ruzica.com.<\/p>\n<p><\/p>\n<p><\/p>\n<h3>Information about the owner of the website cvjecarnica-ruzica.com:<\/h3>\n<p><\/p>\n<p><\/p>\n<p>Trade for services and production RU\u017dICA (Flower shop Ru\u017eica)<\/p>\n<p>Headquarter: 21000 Split, Fra Bonina 8a, Croatia<\/p>\n<p>MBO: 92762816 &#8211; OIB: 88523384546<\/p>\n<p>Owner: Mrs. Sofija Cikoti\u0107<\/p>\n<p>OTP bank<\/p>\n<p>IBAN: HR0824070001100641449<\/p>\n<p>Tel: +385 21 384 123 \/ Mail: cvjecarnica.ruzica@gmail.com<\/p>\n<p><\/p>\n<p><\/p>\n<h2>Praises and complaints<\/h2>\n<p><\/p>\n<p><\/p>\n<p>Sukladno \u010dlanku 10., Zakona o za\u0161titi potro\u0161a\u010da, Kupac mo\u017ee u slu\u010daju nezadovoljstva iz bilo kojeg razloga uputiti pisani prigovor internetskoj stranici \/ online trgovini Cvje\u0107arnice Ru\u017eica.<\/p>\n<p><\/p>\n<p><\/p>\n<p>Prigovor mo\u017eete podnijeti telefonski na broj 021 384 123 ili elektroni\u010dki na cvjecarnica.ruzica@gmail.com.<\/p>\n<p><\/p>\n<p><\/p>\n<p>Kako bi Prodavatelj \u0161to br\u017ee razmotrio prigovor, Kupac bi u prigovoru trebao navesti broj narud\u017ebe, broj ra\u010duna ili svoje ime i prezime. Cvje\u0107arnica Ru\u017eica \u0107e Kupcu pisanim putem i bez odga\u0111anja potvrditi primitak prigovora, a odgovor \u0107e sti\u0107i Kupcu u roku od 15 (petnaest) dana od dana zaprimljenog prigovora.<\/p>\n<p><\/p>\n<p><\/p>\n<p>Za sve informacije, pohvale, primjedbe, reklamacije i druge obavijesti Kupci se mogu obratiti Prodavatelju na broj telefona 021 384 123 ili elektroni\u010dki na cvjecarnica.ruzica@gmail.com.<\/p>\n<p><\/p>\n<p><\/p>\n<h2>Online Dispute Resolution Platform<\/h2>\n<p><\/p>\n<p><\/p>\n<p>Posebnom regulativom Europske unije, od 15.02.2016., diljem cijele EU sporove vezane uz online kupnje mogu\u0107e je rije\u0161iti putem ODR platforme koja je dostupna na internetskoj stranici http:\/\/ec.europa.eu\/consumers\/odr\/.<\/p>\n<p><\/p>\n<p><\/p>\n<p>Ova platforma omogu\u0107ava Kupcu koji je nai\u0161ao na problem tijekom online kupnje ili ima spor koji se odnosi na internetsko naru\u010divanje da najprije poku\u0161a rije\u0161iti problem bez uklju\u010divanja sudova. Kupac mo\u017ee brzo i jednostavno podnijeti prigovor na online kupnju unutar EU (neispravan proizvod, nemogu\u0107nost zamjene proizvoda itd.), na bilo kojem od 23 slu\u017ebena jezika EU.<\/p>\n<p><\/p>\t\t\t\t\t\t\t\t<\/div>\n\t\t\t\t<\/div>\n\t\t\t\t\t<\/div>\n\t\t<\/div>\n\t\t\t\t\t<\/div>\n\t\t<\/section>\n\t\t\t\t<\/div>\n\t\t","protected":false},"excerpt":{"rendered":"<p>General terms of use Ovi uvjeti poslovanja propisuju uvjete i pravila za korisnike i odnose se na kori\u0161tenje internetske stranice cvjecarnica-ruzica.com koja je u vlasni\u0161tvu Obrta za usluge i proizvodnju Ru\u017eica (u daljnjem tekstu Cvje\u0107arnica Ru\u017eica), sa sjedi\u0161tem u Splitu, Fra Bonina 8. Kori\u0161tenjem ove internetske stranica i izvr\u0161enjem narud\u017ebe u online trgovini na cvjecarnica-ruzica.com [&hellip;]<\/p>\n","protected":false},"author":1,"featured_media":0,"parent":0,"menu_order":0,"comment_status":"closed","ping_status":"closed","template":"","meta":{"site-sidebar-layout":"default","site-content-layout":"","ast-site-content-layout":"default","site-content-style":"default","site-sidebar-style":"default","ast-global-header-display":"","ast-banner-title-visibility":"","ast-main-header-display":"","ast-hfb-above-header-display":"","ast-hfb-below-header-display":"","ast-hfb-mobile-header-display":"","site-post-title":"","ast-breadcrumbs-content":"","ast-featured-img":"","footer-sml-layout":"","ast-disable-related-posts":"","theme-transparent-header-meta":"","adv-header-id-meta":"","stick-header-meta":"","header-above-stick-meta":"","header-main-stick-meta":"","header-below-stick-meta":"","astra-migrate-meta-layouts":"default","ast-page-background-enabled":"default","ast-page-background-meta":{"desktop":{"background-color":"var(--ast-global-color-4)","background-image":"","background-repeat":"repeat","background-position":"center center","background-size":"auto","background-attachment":"scroll","background-type":"","background-media":"","overlay-type":"","overlay-color":"","overlay-opacity":"","overlay-gradient":""},"tablet":{"background-color":"","background-image":"","background-repeat":"repeat","background-position":"center center","background-size":"auto","background-attachment":"scroll","background-type":"","background-media":"","overlay-type":"","overlay-color":"","overlay-opacity":"","overlay-gradient":""},"mobile":{"background-color":"","background-image":"","background-repeat":"repeat","background-position":"center center","background-size":"auto","background-attachment":"scroll","background-type":"","background-media":"","overlay-type":"","overlay-color":"","overlay-opacity":"","overlay-gradient":""}},"ast-content-background-meta":{"desktop":{"background-color":"var(--ast-global-color-5)","background-image":"","background-repeat":"repeat","background-position":"center center","background-size":"auto","background-attachment":"scroll","background-type":"","background-media":"","overlay-type":"","overlay-color":"","overlay-opacity":"","overlay-gradient":""},"tablet":{"background-color":"var(--ast-global-color-5)","background-image":"","background-repeat":"repeat","background-position":"center center","background-size":"auto","background-attachment":"scroll","background-type":"","background-media":"","overlay-type":"","overlay-color":"","overlay-opacity":"","overlay-gradient":""},"mobile":{"background-color":"var(--ast-global-color-5)","background-image":"","background-repeat":"repeat","background-position":"center center","background-size":"auto","background-attachment":"scroll","background-type":"","background-media":"","overlay-type":"","overlay-color":"","overlay-opacity":"","overlay-gradient":""}},"footnotes":""},"class_list":["post-7711","page","type-page","status-publish","hentry"],"yoast_head":"<!-- This site is optimized with the Yoast SEO plugin v27.3 - https:\/\/yoast.com\/product\/yoast-seo-wordpress\/ -->\n<title>General terms of use - Cvje\u0107arnica Ru\u017eica - Split<\/title>\n<meta name=\"description\" content=\"Information about the terms of business of the online flower shop Ru\u017eica from Split - information on the website, disclaimer, etc.\" \/>\n<meta name=\"robots\" content=\"index, follow, max-snippet:-1, max-image-preview:large, max-video-preview:-1\" \/>\n<link rel=\"canonical\" href=\"https:\/\/www.cvjecarnica-ruzica.com\/en\/general-terms-of-use\/\" \/>\n<meta property=\"og:locale\" content=\"en_US\" \/>\n<meta property=\"og:type\" content=\"article\" \/>\n<meta property=\"og:title\" content=\"General terms of use - Cvje\u0107arnica Ru\u017eica - Split\" \/>\n<meta property=\"og:description\" content=\"Information about the terms of business of the online flower shop Ru\u017eica from Split - information on the website, disclaimer, etc.\" \/>\n<meta property=\"og:url\" content=\"https:\/\/www.cvjecarnica-ruzica.com\/en\/general-terms-of-use\/\" \/>\n<meta property=\"og:site_name\" content=\"Cvje\u0107arnica Ru\u017eica - Split\" \/>\n<meta property=\"article:publisher\" content=\"https:\/\/www.facebook.com\/cvjecarnicaruzica1\/\" \/>\n<meta property=\"article:modified_time\" content=\"2023-01-26T14:21:15+00:00\" \/>\n<meta name=\"twitter:card\" content=\"summary_large_image\" \/>\n<meta name=\"twitter:label1\" content=\"Est. reading time\" \/>\n\t<meta name=\"twitter:data1\" content=\"4 minutes\" \/>\n<script type=\"application\/ld+json\" class=\"yoast-schema-graph\">{\"@context\":\"https:\\\/\\\/schema.org\",\"@graph\":[{\"@type\":\"WebPage\",\"@id\":\"https:\\\/\\\/www.cvjecarnica-ruzica.com\\\/en\\\/general-terms-of-use\\\/\",\"url\":\"https:\\\/\\\/www.cvjecarnica-ruzica.com\\\/en\\\/general-terms-of-use\\\/\",\"name\":\"General terms of use - Cvje\u0107arnica Ru\u017eica - Split\",\"isPartOf\":{\"@id\":\"https:\\\/\\\/www.cvjecarnica-ruzica.com\\\/en\\\/#website\"},\"datePublished\":\"2023-01-12T15:17:58+00:00\",\"dateModified\":\"2023-01-26T14:21:15+00:00\",\"description\":\"Information about the terms of business of the online flower shop Ru\u017eica from Split - information on the website, disclaimer, etc.\",\"breadcrumb\":{\"@id\":\"https:\\\/\\\/www.cvjecarnica-ruzica.com\\\/en\\\/general-terms-of-use\\\/#breadcrumb\"},\"inLanguage\":\"en-US\",\"potentialAction\":[{\"@type\":\"ReadAction\",\"target\":[\"https:\\\/\\\/www.cvjecarnica-ruzica.com\\\/en\\\/general-terms-of-use\\\/\"]}]},{\"@type\":\"BreadcrumbList\",\"@id\":\"https:\\\/\\\/www.cvjecarnica-ruzica.com\\\/en\\\/general-terms-of-use\\\/#breadcrumb\",\"itemListElement\":[{\"@type\":\"ListItem\",\"position\":1,\"name\":\"Po\u010detna stranica\",\"item\":\"https:\\\/\\\/www.cvjecarnica-ruzica.com\\\/en\\\/\"},{\"@type\":\"ListItem\",\"position\":2,\"name\":\"General terms of use\"}]},{\"@type\":\"WebSite\",\"@id\":\"https:\\\/\\\/www.cvjecarnica-ruzica.com\\\/en\\\/#website\",\"url\":\"https:\\\/\\\/www.cvjecarnica-ruzica.com\\\/en\\\/\",\"name\":\"Cvje\u0107arnica Ru\u017eica - Split\",\"description\":\"Flower shop - Since 1980\",\"publisher\":{\"@id\":\"https:\\\/\\\/www.cvjecarnica-ruzica.com\\\/en\\\/#organization\"},\"potentialAction\":[{\"@type\":\"SearchAction\",\"target\":{\"@type\":\"EntryPoint\",\"urlTemplate\":\"https:\\\/\\\/www.cvjecarnica-ruzica.com\\\/en\\\/?s={search_term_string}\"},\"query-input\":{\"@type\":\"PropertyValueSpecification\",\"valueRequired\":true,\"valueName\":\"search_term_string\"}}],\"inLanguage\":\"en-US\"},{\"@type\":\"Organization\",\"@id\":\"https:\\\/\\\/www.cvjecarnica-ruzica.com\\\/en\\\/#organization\",\"name\":\"Cvje\u0107arnica Ru\u017eica - Split\",\"url\":\"https:\\\/\\\/www.cvjecarnica-ruzica.com\\\/en\\\/\",\"logo\":{\"@type\":\"ImageObject\",\"inLanguage\":\"en-US\",\"@id\":\"https:\\\/\\\/www.cvjecarnica-ruzica.com\\\/en\\\/#\\\/schema\\\/logo\\\/image\\\/\",\"url\":\"https:\\\/\\\/www.cvjecarnica-ruzica.com\\\/wp-content\\\/uploads\\\/2023\\\/01\\\/logo-cvjecarnica-ruzica.jpg\",\"contentUrl\":\"https:\\\/\\\/www.cvjecarnica-ruzica.com\\\/wp-content\\\/uploads\\\/2023\\\/01\\\/logo-cvjecarnica-ruzica.jpg\",\"width\":146,\"height\":110,\"caption\":\"Cvje\u0107arnica Ru\u017eica - Split\"},\"image\":{\"@id\":\"https:\\\/\\\/www.cvjecarnica-ruzica.com\\\/en\\\/#\\\/schema\\\/logo\\\/image\\\/\"},\"sameAs\":[\"https:\\\/\\\/www.facebook.com\\\/cvjecarnicaruzica1\\\/\",\"https:\\\/\\\/www.instagram.com\\\/cvjecarnica_ruzica\\\/\"]}]}<\/script>\n<!-- \/ Yoast SEO plugin. -->","yoast_head_json":{"title":"General terms of use - Cvje\u0107arnica Ru\u017eica - Split","description":"Information about the terms of business of the online flower shop Ru\u017eica from Split - information on the website, disclaimer, etc.","robots":{"index":"index","follow":"follow","max-snippet":"max-snippet:-1","max-image-preview":"max-image-preview:large","max-video-preview":"max-video-preview:-1"},"canonical":"https:\/\/www.cvjecarnica-ruzica.com\/en\/general-terms-of-use\/","og_locale":"en_US","og_type":"article","og_title":"General terms of use - Cvje\u0107arnica Ru\u017eica - Split","og_description":"Information about the terms of business of the online flower shop Ru\u017eica from Split - information on the website, disclaimer, etc.","og_url":"https:\/\/www.cvjecarnica-ruzica.com\/en\/general-terms-of-use\/","og_site_name":"Cvje\u0107arnica Ru\u017eica - Split","article_publisher":"https:\/\/www.facebook.com\/cvjecarnicaruzica1\/","article_modified_time":"2023-01-26T14:21:15+00:00","twitter_card":"summary_large_image","twitter_misc":{"Est. reading time":"4 minutes"},"schema":{"@context":"https:\/\/schema.org","@graph":[{"@type":"WebPage","@id":"https:\/\/www.cvjecarnica-ruzica.com\/en\/general-terms-of-use\/","url":"https:\/\/www.cvjecarnica-ruzica.com\/en\/general-terms-of-use\/","name":"General terms of use - Cvje\u0107arnica Ru\u017eica - Split","isPartOf":{"@id":"https:\/\/www.cvjecarnica-ruzica.com\/en\/#website"},"datePublished":"2023-01-12T15:17:58+00:00","dateModified":"2023-01-26T14:21:15+00:00","description":"Information about the terms of business of the online flower shop Ru\u017eica from Split - information on the website, disclaimer, etc.","breadcrumb":{"@id":"https:\/\/www.cvjecarnica-ruzica.com\/en\/general-terms-of-use\/#breadcrumb"},"inLanguage":"en-US","potentialAction":[{"@type":"ReadAction","target":["https:\/\/www.cvjecarnica-ruzica.com\/en\/general-terms-of-use\/"]}]},{"@type":"BreadcrumbList","@id":"https:\/\/www.cvjecarnica-ruzica.com\/en\/general-terms-of-use\/#breadcrumb","itemListElement":[{"@type":"ListItem","position":1,"name":"Po\u010detna stranica","item":"https:\/\/www.cvjecarnica-ruzica.com\/en\/"},{"@type":"ListItem","position":2,"name":"General terms of use"}]},{"@type":"WebSite","@id":"https:\/\/www.cvjecarnica-ruzica.com\/en\/#website","url":"https:\/\/www.cvjecarnica-ruzica.com\/en\/","name":"Cvje\u0107arnica Ru\u017eica - Split","description":"Flower shop - Since 1980","publisher":{"@id":"https:\/\/www.cvjecarnica-ruzica.com\/en\/#organization"},"potentialAction":[{"@type":"SearchAction","target":{"@type":"EntryPoint","urlTemplate":"https:\/\/www.cvjecarnica-ruzica.com\/en\/?s={search_term_string}"},"query-input":{"@type":"PropertyValueSpecification","valueRequired":true,"valueName":"search_term_string"}}],"inLanguage":"en-US"},{"@type":"Organization","@id":"https:\/\/www.cvjecarnica-ruzica.com\/en\/#organization","name":"Cvje\u0107arnica Ru\u017eica - Split","url":"https:\/\/www.cvjecarnica-ruzica.com\/en\/","logo":{"@type":"ImageObject","inLanguage":"en-US","@id":"https:\/\/www.cvjecarnica-ruzica.com\/en\/#\/schema\/logo\/image\/","url":"https:\/\/www.cvjecarnica-ruzica.com\/wp-content\/uploads\/2023\/01\/logo-cvjecarnica-ruzica.jpg","contentUrl":"https:\/\/www.cvjecarnica-ruzica.com\/wp-content\/uploads\/2023\/01\/logo-cvjecarnica-ruzica.jpg","width":146,"height":110,"caption":"Cvje\u0107arnica Ru\u017eica - Split"},"image":{"@id":"https:\/\/www.cvjecarnica-ruzica.com\/en\/#\/schema\/logo\/image\/"},"sameAs":["https:\/\/www.facebook.com\/cvjecarnicaruzica1\/","https:\/\/www.instagram.com\/cvjecarnica_ruzica\/"]}]}},"_links":{"self":[{"href":"https:\/\/www.cvjecarnica-ruzica.com\/en\/wp-json\/wp\/v2\/pages\/7711","targetHints":{"allow":["GET"]}}],"collection":[{"href":"https:\/\/www.cvjecarnica-ruzica.com\/en\/wp-json\/wp\/v2\/pages"}],"about":[{"href":"https:\/\/www.cvjecarnica-ruzica.com\/en\/wp-json\/wp\/v2\/types\/page"}],"author":[{"embeddable":true,"href":"https:\/\/www.cvjecarnica-ruzica.com\/en\/wp-json\/wp\/v2\/users\/1"}],"replies":[{"embeddable":true,"href":"https:\/\/www.cvjecarnica-ruzica.com\/en\/wp-json\/wp\/v2\/comments?post=7711"}],"version-history":[{"count":0,"href":"https:\/\/www.cvjecarnica-ruzica.com\/en\/wp-json\/wp\/v2\/pages\/7711\/revisions"}],"wp:attachment":[{"href":"https:\/\/www.cvjecarnica-ruzica.com\/en\/wp-json\/wp\/v2\/media?parent=7711"}],"curies":[{"name":"wp","href":"https:\/\/api.w.org\/{rel}","templated":true}]}}